{"id":105,"date":"2025-09-15T13:27:15","date_gmt":"2025-09-15T13:27:15","guid":{"rendered":"https:\/\/thietbidienvinamax.vn\/?post_type=product&#038;p=105"},"modified":"2025-09-15T13:45:58","modified_gmt":"2025-09-15T13:45:58","slug":"o-cam-dien-chiu-tai-8-loi-su-co-cb30a-vinamax-2","status":"publish","type":"product","link":"https:\/\/thietbidienvinamax.vn\/index.php\/san-pham\/o-cam-dien-chiu-tai-8-loi-su-co-cb30a-vinamax-2\/","title":{"rendered":"\u1ed4 c\u1eafm \u0111i\u1ec7n ch\u1ecbu t\u1ea3i 8 l\u00f5i s\u1ee9 c\u00f3 CB30A Vinamax"},"content":{"rendered":"<p><strong>\ud83c\udf1f VINAMAX \u1ed5 c\u1eafm \u0111i\u1ec7n CB30A \ud83c\udf1f<\/strong><br \/>\nCh\u1ecdn \u0111\u00fang s\u1ea3n ph\u1ea9m theo nhu c\u1ea7u! VINAMAX \u1ed5 c\u1eafm \u0111i\u1ec7n CB30A 8 l\u00f5i s\u1ee9 ch\u1ed1ng ch\u00e1y, nh\u1ef1a an to\u00e0n.<\/p>\n<p>Thi\u1ebft k\u1ebf ch\u1eafc ch\u1eafn, l\u00f5i s\u1ee9 ch\u1ecbu t\u1ea3i cao. \u1ed4 \u0111i\u1ec7n \u0111a n\u0103ng cho v\u0103n ph\u00f2ng, d\u00e0n \u00e2m thanh, tivi&#8230;<\/p>\n<p><strong>C\u00f4ng su\u1ea5t t\u1ea3i linh ho\u1ea1t: <\/strong><\/p>\n<ul>\n<li>Kh\u00f4ng d\u00e2y 30A<\/li>\n<li>D\u00e2y 2&#215;1.5 &#8211; 3500W<\/li>\n<li>D\u00e2y 2&#215;2.0 &#8211; 4000w<\/li>\n<li>D\u00e2y 2&#215;2.5 &#8211; 4500W.<\/li>\n<\/ul>\n<p>\u2705 Th\u00f4ng s\u1ed1 k\u1ef9 thu\u1eadt<br \/>\n&#8211; Th\u01b0\u01a1ng hi\u1ec7u: VINAMAX<br \/>\n&#8211; K\u00edch th\u01b0\u1edbc: 24&#215;11,5x4cm<br \/>\n&#8211; 8 l\u00f5i s\u1ee9 ch\u1ed1ng ch\u00e1y<br \/>\n&#8211; Ch\u1ea5t li\u1ec7u: Nh\u1ef1a ch\u1ed1ng va \u0111\u1eadp<br \/>\n&#8211; Aptomat an to\u00e0n, ti\u1ebft ki\u1ec7m \u0111i\u1ec7n<br \/>\n&#8211; Ch\u1ed1ng move, ti\u1ebfp \u0111i\u1ec7n nh\u1eb9 nh\u00e0ng<br \/>\n\ud83d\udd0d \u0110\u1eb7c \u0111i\u1ec3m n\u1ed5i b\u1eadt<br \/>\n\u1ed4 c\u1eafm VINAMAX 8 l\u00f5i s\u1ee9 ch\u1ed1ng ch\u00e1y, nh\u1ef1a an to\u00e0n. Thi\u1ebft k\u1ebf ch\u1eafc ch\u1eafn, l\u00f5i s\u1ee9 ch\u1ecbu t\u1ea3i cao. \u1ed4 \u0111i\u1ec7n \u0111a n\u0103ng cho v\u0103n ph\u00f2ng, d\u00e0n \u00e2m thanh, tivi&#8230; S\u1ea3n ph\u1ea9m an to\u00e0n, ti\u1ebft ki\u1ec7m \u0111i\u1ec7n h\u00e0ng \u0111\u1ea7u hi\u1ec7n nay.<\/p>\n","protected":false},"excerpt":{"rendered":"<h3>\u2705\u00a0<strong>Th\u00f4ng s\u1ed1 k\u1ef9 thu\u1eadt<\/strong><\/h3>\n<ul>\n<li>Th\u01b0\u01a1ng hi\u1ec7u: VINAMAX<\/li>\n<li>K\u00edch th\u01b0\u1edbc: 24&#215;11,5x4cm<\/li>\n<li>8 l\u00f5i s\u1ee9 ch\u1ed1ng ch\u00e1y<\/li>\n<li>Ch\u1ea5t li\u1ec7u: Nh\u1ef1a ch\u1ed1ng va \u0111\u1eadp<\/li>\n<li>Aptomat an to\u00e0n, ti\u1ebft ki\u1ec7m \u0111i\u1ec7n<\/li>\n<li>Ch\u1ed1ng move, ti\u1ebfp \u0111i\u1ec7n nh\u1eb9 nh\u00e0ng<\/li>\n<\/ul>\n","protected":false},"featured_media":110,"comment_status":"open","ping_status":"closed","template":"","meta":[],"product_brand":[17],"product_cat":[16],"product_tag":[24,21,22,20,23],"class_list":{"0":"post-105","1":"product","2":"type-product","3":"status-publish","6":"product_brand-vinamax","7":"product_cat-o-cam-dien","8":"product_tag-cb30a","9":"product_tag-o-cam-da-nang","10":"product_tag-o-cam-dien","11":"product_tag-o-cam-loi-su","12":"product_tag-o-cam-loi-su-chiu-tai","14":"first","15":"instock","16":"sale","17":"shipping-taxable","18":"purchasable","19":"product-type-variable"},"jetpack_sharing_enabled":true,"_links":{"self":[{"href":"https:\/\/thietbidienvinamax.vn\/index.php\/wp-json\/wp\/v2\/product\/105","targetHints":{"allow":["GET"]}}],"collection":[{"href":"https:\/\/thietbidienvinamax.vn\/index.php\/wp-json\/wp\/v2\/product"}],"about":[{"href":"https:\/\/thietbidienvinamax.vn\/index.php\/wp-json\/wp\/v2\/types\/product"}],"replies":[{"embeddable":true,"href":"https:\/\/thietbidienvinamax.vn\/index.php\/wp-json\/wp\/v2\/comments?post=105"}],"wp:featuredmedia":[{"embeddable":true,"href":"https:\/\/thietbidienvinamax.vn\/index.php\/wp-json\/wp\/v2\/media\/110"}],"wp:attachment":[{"href":"https:\/\/thietbidienvinamax.vn\/index.php\/wp-json\/wp\/v2\/media?parent=105"}],"wp:term":[{"taxonomy":"product_brand","embeddable":true,"href":"https:\/\/thietbidienvinamax.vn\/index.php\/wp-json\/wp\/v2\/product_brand?post=105"},{"taxonomy":"product_cat","embeddable":true,"href":"https:\/\/thietbidienvinamax.vn\/index.php\/wp-json\/wp\/v2\/product_cat?post=105"},{"taxonomy":"product_tag","embeddable":true,"href":"https:\/\/thietbidienvinamax.vn\/index.php\/wp-json\/wp\/v2\/product_tag?post=105"}],"curies":[{"name":"wp","href":"https:\/\/api.w.org\/{rel}","templated":true}]}}