{"id":79,"date":"2025-09-13T14:04:33","date_gmt":"2025-09-13T14:04:33","guid":{"rendered":"https:\/\/thietbidienvinamax.vn\/?post_type=product&#038;p=79"},"modified":"2025-09-15T08:41:59","modified_gmt":"2025-09-15T08:41:59","slug":"o-cam-dien-chiu-tai-8-loi-su-co-cb30a-vinamax","status":"publish","type":"product","link":"https:\/\/thietbidienvinamax.vn\/index.php\/san-pham\/o-cam-dien-chiu-tai-8-loi-su-co-cb30a-vinamax\/","title":{"rendered":"\u1ed4 c\u1eafm \u0111i\u1ec7n ch\u1ecbu t\u1ea3i 6 l\u00f5i s\u1ee9 c\u00f3 CB30A Vinamax"},"content":{"rendered":"<p>\u1ed4 c\u1eafm ch\u1ecbu t\u1ea3i VINAMAX c\u00f3 aptomat 6 \u1ed5 c\u1eafm v\u1edbi ch\u1ea5t li\u1ec7u nh\u1ef1a ch\u1ed1ng v\u1ee1 r\u1ea5t ch\u1eafc ch\u1eafn, l\u00f5i s\u1ee9 ch\u00f3ng ch\u00e1y ch\u1ecbu t\u1ea3i cao. V\u1edbi 4 \u1ed5 ch\u00e2n tr\u00f2n v\u00e0 2 \u1ed5 ch\u00e2n d\u1eb9p ti\u1ebfp \u0111i\u1ec7n nh\u1eb9 nh\u00e0ng l\u00e0 s\u1ea3n ph\u1ea9m an to\u00e0n, ti\u1ebft ki\u1ec7m \u0111i\u1ec7n h\u00e0ng \u0111\u1ea7u hi\u1ec7n nay.<\/p>\n<p><strong>Th\u00f4ng s\u1ed1 k\u0129 thu\u1eadt :<\/strong><br \/>\n+ K\u00edch th\u01b0\u1edbc \u1ed5 c\u1eafm: 20x11x4cm<br \/>\n+ 6 l\u00f5i s\u1ee9 ch\u1ed1ng ch\u00e1y<br \/>\n+ CB30A ch\u1ed1ng ch\u1eadp<br \/>\n+ Ch\u1ea5t li\u1ec7u: Nh\u1ef1a ch\u1ed1ng va \u0111\u1eadp<br \/>\n+ C\u00f3 th\u00eam aptomat an to\u00e0n, ti\u1ebft ki\u1ec7m \u0111i\u1ec7n<br \/>\n+ Ch\u1ed1ng move, ti\u1ebfp \u0111i\u1ec7n nh\u1eb9 nh\u00e0ng<\/p>\n<p>C\u00d3 C\u00c1C PH\u00c2N LO\u1ea0I S\u1ea2N PH\u1ea8M BAO G\u1ed2M:<\/p>\n<ul>\n<li><strong>KH\u00d4NG D\u00c2Y CB30A (6000W)<\/strong><\/li>\n<li><strong>C\u00d3 D\u00c2Y 2,7M V\u00c0 4,7M (2&#215;1.5-3500W) PH\u00cdCH C\u1eaeM TH\u1eb2NG<\/strong><\/li>\n<li><strong>C\u00d3 D\u00c2Y 2,2M V\u00c0 4,2M (2&#215;2.0-4000W) PH\u00cdCH C\u1eaeM NGANG<\/strong><\/li>\n<\/ul>\n<div class=\"syl-image-wrapper\" align=\"left\"><img fetchpriority=\"high\" decoding=\"async\" src=\"https:\/\/p16-oec-sg.ibyteimg.com\/tos-alisg-i-aphluv4xwc-sg\/e88306d770c5415fb3041facd8fc2b72~tplv-aphluv4xwc-origin-jpeg.jpeg?dr=15568&amp;t=555f072d&amp;ps=933b5bde&amp;shp=1c65f68b&amp;shcp=9b759fb9&amp;idc=my&amp;from=476444299\" width=\"1500\" height=\"1500\" name=\"\" align=\"left\" \/><\/div>\n<div class=\"syl-image-wrapper\" align=\"left\"><img decoding=\"async\" src=\"https:\/\/p16-oec-sg.ibyteimg.com\/tos-alisg-i-aphluv4xwc-sg\/3be094a22e5242a18a47320291065770~tplv-aphluv4xwc-origin-jpeg.jpeg?dr=15568&amp;t=555f072d&amp;ps=933b5bde&amp;shp=1c65f68b&amp;shcp=9b759fb9&amp;idc=my&amp;from=476444299\" width=\"1500\" height=\"1500\" name=\"\" align=\"left\" \/><\/div>\n<p>&nbsp;<\/p>\n<p>&nbsp;<\/p>\n<div class=\"syl-image-wrapper\" align=\"left\"><img decoding=\"async\" src=\"https:\/\/p16-oec-sg.ibyteimg.com\/tos-alisg-i-aphluv4xwc-sg\/ccfb2596d12541ea87cde30ceeaa5f17~tplv-aphluv4xwc-origin-jpeg.jpeg?dr=15568&amp;t=555f072d&amp;ps=933b5bde&amp;shp=1c65f68b&amp;shcp=9b759fb9&amp;idc=my&amp;from=476444299\" width=\"1500\" height=\"1500\" name=\"\" align=\"left\" \/><\/div>\n<p>&nbsp;<\/p>\n<p>&nbsp;<\/p>\n<p>&nbsp;<\/p>\n<div class=\"syl-image-wrapper\" align=\"left\"><img loading=\"lazy\" decoding=\"async\" src=\"https:\/\/p16-oec-sg.ibyteimg.com\/tos-alisg-i-aphluv4xwc-sg\/6e96b4411bc84731a06093a764d859ee~tplv-aphluv4xwc-origin-jpeg.jpeg?dr=15568&amp;t=555f072d&amp;ps=933b5bde&amp;shp=1c65f68b&amp;shcp=9b759fb9&amp;idc=my&amp;from=476444299\" width=\"1500\" height=\"1500\" name=\"\" align=\"left\" \/><\/div>\n<p>&nbsp;<\/p>\n<div class=\"syl-image-wrapper\" align=\"left\"><img loading=\"lazy\" decoding=\"async\" src=\"https:\/\/p16-oec-sg.ibyteimg.com\/tos-alisg-i-aphluv4xwc-sg\/1bcd3357638648a1a08c0cf530be7578~tplv-aphluv4xwc-origin-jpeg.jpeg?dr=15568&amp;t=555f072d&amp;ps=933b5bde&amp;shp=1c65f68b&amp;shcp=9b759fb9&amp;idc=my&amp;from=476444299\" width=\"1500\" height=\"1500\" name=\"\" align=\"left\" \/><\/div>\n<p>&nbsp;<\/p>\n<p>&nbsp;<\/p>\n","protected":false},"excerpt":{"rendered":"<p><strong>Th\u00f4ng s\u1ed1 k\u0129 thu\u1eadt :<\/strong><br \/>\n+ K\u00edch th\u01b0\u1edbc \u1ed5 c\u1eafm: 20x11x4cm<br \/>\n+ 6 l\u00f5i s\u1ee9 ch\u1ed1ng ch\u00e1y<br \/>\n+ CB30A ch\u1ed1ng ch\u1eadp<br \/>\n+ Ch\u1ea5t li\u1ec7u: Nh\u1ef1a ch\u1ed1ng va \u0111\u1eadp<br \/>\n+ C\u00f3 th\u00eam aptomat an to\u00e0n, ti\u1ebft ki\u1ec7m \u0111i\u1ec7n<br \/>\n+ Ch\u1ed1ng move, ti\u1ebfp \u0111i\u1ec7n nh\u1eb9 nh\u00e0ng (4 \u1ed5 l\u00f2 xo, 2 \u1ed5 thanh k\u1eb9p)<\/p>\n","protected":false},"featured_media":85,"comment_status":"open","ping_status":"closed","template":"","meta":[],"product_brand":[17],"product_cat":[16],"product_tag":[19,21,20,18],"class_list":{"0":"post-79","1":"product","2":"type-product","3":"status-publish","6":"product_brand-vinamax","7":"product_cat-o-cam-dien","8":"product_tag-o-cam-chiu-tai","9":"product_tag-o-cam-da-nang","10":"product_tag-o-cam-loi-su","11":"product_tag-vinamax","13":"first","14":"instock","15":"sale","16":"shipping-taxable","17":"purchasable","18":"product-type-variable"},"jetpack_sharing_enabled":true,"_links":{"self":[{"href":"https:\/\/thietbidienvinamax.vn\/index.php\/wp-json\/wp\/v2\/product\/79","targetHints":{"allow":["GET"]}}],"collection":[{"href":"https:\/\/thietbidienvinamax.vn\/index.php\/wp-json\/wp\/v2\/product"}],"about":[{"href":"https:\/\/thietbidienvinamax.vn\/index.php\/wp-json\/wp\/v2\/types\/product"}],"replies":[{"embeddable":true,"href":"https:\/\/thietbidienvinamax.vn\/index.php\/wp-json\/wp\/v2\/comments?post=79"}],"wp:featuredmedia":[{"embeddable":true,"href":"https:\/\/thietbidienvinamax.vn\/index.php\/wp-json\/wp\/v2\/media\/85"}],"wp:attachment":[{"href":"https:\/\/thietbidienvinamax.vn\/index.php\/wp-json\/wp\/v2\/media?parent=79"}],"wp:term":[{"taxonomy":"product_brand","embeddable":true,"href":"https:\/\/thietbidienvinamax.vn\/index.php\/wp-json\/wp\/v2\/product_brand?post=79"},{"taxonomy":"product_cat","embeddable":true,"href":"https:\/\/thietbidienvinamax.vn\/index.php\/wp-json\/wp\/v2\/product_cat?post=79"},{"taxonomy":"product_tag","embeddable":true,"href":"https:\/\/thietbidienvinamax.vn\/index.php\/wp-json\/wp\/v2\/product_tag?post=79"}],"curies":[{"name":"wp","href":"https:\/\/api.w.org\/{rel}","templated":true}]}}